{"id":175,"date":"2023-12-28T22:01:26","date_gmt":"2023-12-28T22:01:26","guid":{"rendered":"https:\/\/angry-darwin.87-118-120-113.plesk.page\/?page_id=175"},"modified":"2023-12-28T23:20:51","modified_gmt":"2023-12-28T23:20:51","slug":"impressum","status":"publish","type":"page","link":"https:\/\/www.doktor-maienberg.de\/index.php\/impressum\/","title":{"rendered":"Impressum"},"content":{"rendered":"<h1>Impressum<\/h1>\n<p class=\"paragraph_style\"><strong><span class=\"style\">Herausgeber und Betreiber der Internetseite:<\/span><\/strong><span class=\"style_1\"><br \/>\nDr. med. Reinhard Maienberg<br \/>\nKeilbecker Strasse 64<br \/>\n<\/span><span class=\"style_1\">42477 Radevormwald<\/span><\/p>\n<p class=\"paragraph_style\"><span class=\"style_1\">Tel. (0 21 91) 66 83 73<br \/>\n<\/span><span class=\"style_1\">Fax (0 21 91) 66 83 99<br \/>\n<\/span><a class=\"style_1\" title=\"https:\/\/www.doktor-maienberg.de\" href=\"https:\/\/www.doktor-maienberg.de\">https:\/\/www.doktor-maienberg.de<\/a><span class=\"style_1\"><br \/>\n<\/span>E-Mail <a class=\"style_1\" title=\"info@doktor-maienberg.de\" href=\"mailto:info@doktor-maienberg.de\">info@doktor-maienberg.de<\/a><\/p>\n<p><strong><span class=\"style\">Berufsbezeichnung:<\/span><\/strong><span class=\"style_1\"><br \/>\nDr. med. Reinhard Maienberg<br \/>\nPraktischer Arzt<br \/>\n(verliehen in der Bundesrepublik Deutschland)<\/span><\/p>\n<p><strong><span class=\"style\">Zust\u00e4ndige \u00c4rztekammer:<\/span><\/strong><span class=\"style_1\"><br \/>\n\u00c4rztekammer Nordrhein<br \/>\nTersteegenstr. 9<br \/>\n40474 D\u00fcsseldorf<br \/>\nTelefon: (02 11) 4 30 20<br \/>\nTelefax: (02 11) 43 02 12 00<br \/>\n<\/span><a class=\"style_1\" title=\"http:\/\/www.aekno.de\" href=\"http:\/\/www.aekno.de\">https:\/\/www.aekno.de<\/a><span class=\"style_1\"><br \/>\n<\/span>E-Mail <a class=\"style_1\" title=\"mailto:aerztekammer@aekno.de\" href=\"mailto:aerztekammer@aekno.de\">aerztekammer@aekno.de<\/a><\/p>\n<p><strong><span class=\"style\">Zust\u00e4ndige Kassen\u00e4rztliche Vereinigung:<\/span><\/strong><span class=\"style_1\"><br \/>\nKassen\u00e4rztliche Vereinigung Nordrhein<br \/>\nSedanstra\u00dfe, K\u00f6ln<br \/>\nTelefon: (0221) 77 63 &#8211; 0<br \/>\nTelefax: (0221) 77 63 &#8211; 64 50<br \/>\n<\/span><a class=\"style_1\" title=\"http:\/\/www.kvno.de\" href=\"http:\/\/www.kvno.de\">www.kvno.de<\/a><\/p>\n<p><strong><span class=\"style\">Berufsrechtliche Regelungen:<\/span><\/strong><span class=\"style_1\"><br \/>\nBerufsordnung f\u00fcr die nordrheinischen \u00c4rztinnen und \u00c4rzte<br \/>\n<\/span><a class=\"style_1\" title=\"http:\/\/www.aekno.de\" href=\"http:\/\/www.aekno.de\">www.aekno.de<\/a><span class=\"style_1\"><br \/>\nHeilberufsgesetz NRW (HeilBerGe)<br \/>\n<a title=\"https:\/\/www.aekno.de\/aerzte\/gesetze-verordnungen\/heilberufsgesetz-nrw\" href=\"https:\/\/www.aekno.de\/aerzte\/gesetze-verordnungen\/heilberufsgesetz-nrw\" target=\"_blank\" rel=\"noopener\">https:\/\/www.aekno.de\/aerzte\/gesetze-verordnungen\/heilberufsgesetz-nrw<\/a><br \/>\n<\/span><\/p>\n<p><strong><span class=\"style\">Inhaltlich Verantwortlicher gem. \u00a7 6 MDStV:<\/span><\/strong><span class=\"style_1\"><br \/>\nDr. Reinhard Maienberg<\/span><\/p>\n<p><strong><span class=\"style\">Haftung f\u00fcr Inhalte:<\/span><\/strong><span class=\"style_1\"><br \/>\nDie Inhalte unserer Seite wurden mit gr\u00f6\u00dfter Sorgfalt erstellt. F\u00fcr die Richtigkeit, Vollst\u00e4ndigkeit und Aktualit\u00e4t der Inhalte k\u00f6nnen wir jedoch keine Gew\u00e4hr \u00fcbernehmen. Als Dienstanbieter sind wir gem. \u00a7 6 Abs.1 MDStV und \u00a7 8 Abs.1 TDG f\u00fcr eigene Inhalte auf diesen Seiten nach den allgemeinen Gesetzen verantwortlich. Dienstanbieter sind jedoch nicht verpflichtet, die von ihnen \u00fcbermittelten oder gespeicherten fremden Informationen zu \u00fcberwachen oder nach Umst\u00e4nden zu forschen, die auf eine rechtswidrige T\u00e4tigkeit hinweisen. Verpflichtungen zur Entfernung oder Sperrung der Nutzung von Informationen nach den allgemeinen Gesetzen bleiben hiervon unber\u00fchrt. Eine diesbez\u00fcgliche Haftung ist jedoch erst ab dem Zeitpunkt der Kenntnis einer konkreten Rechtsverletzung m\u00f6glich. Bei bekannt werden von entsprechenden Rechtsverletzungen werden wir diese Inhalte umgehend entfernen.<\/span><\/p>\n<p><strong><span class=\"style\">Haftung f\u00fcr Links:<\/span><\/strong><span class=\"style_1\"><br \/>\nUnser Angebot enth\u00e4lt m\u00f6glicherweise Links zu externen Webseiten Dritter, auf deren Inhalte wir keinen Einfluss haben. Deshalb k\u00f6nnen wir f\u00fcr diese fremden Inhalte auch keine Gew\u00e4hr \u00fcbernehmen. F\u00fcr die Inhalte der verlinkten Seiten ist stets der jeweilige Anbieter oder Betreiber der Seiten verantwortlich. Die verlinkten Seiten wurden zum Zeitpunkt der Verlinkung auf m\u00f6gliche Rechtsverst\u00f6\u00dfe \u00fcberpr\u00fcft. Rechtswidrige Inhalte waren zum Zeitpunkt der Verlinkung nicht erkennbar. Eine permanente inhaltliche Kontrolle der verlinkten Seiten ist jedoch ohne konkrete Anhaltspunkte einer Rechtsverletzung nicht zumutbar. Bei bekannt werden von Rechtsverletzungen werden wir derartige Links umgehend entfernen.<\/span><\/p>\n<p><strong><span class=\"style\">Urheberrecht:<\/span><\/strong><span class=\"style_1\"><br \/>\nDie Betreiber der Seiten sind bem\u00fcht, stets die Urheberrechte anderer zu beachten bzw. auf selbst erstellte sowie lizenzfreie Werke zur\u00fcckzugreifen. Die durch die Seitenbetreiber erstellten Inhalte und Werke auf diesen Seiten unterliegen dem deutschen Urheberrecht. Beitr\u00e4ge Dritter sind als solche gekennzeichnet. Die Vervielf\u00e4ltigung, Bearbeitung, Verbreitung und jede Art der Verwertung au\u00dferhalb der Grenzen des Urheberrechtes bed\u00fcrfen der schriftlichen Zustimmung des jeweiligen Autors bzw. Erstellers. Downloads und Kopien dieser Seite sind nur f\u00fcr den privaten, nicht kommerziellen Gebrauch gestattet.<br \/>\n<\/span><\/p>\n<p class=\"paragraph_style\"><strong><span class=\"style\">Hinweise zu Abmahnungen:<\/span><\/strong><span class=\"style_1\"><br \/>\nWir bitten Sie, alle Rechtsanw\u00e4lte und Abmahnvereine im Falle von Rechtsstreitigkeiten jeglicher Art wie zum Beispiel Streitigkeiten bez\u00fcglich der Domain, des Wettbewerbs, Bildern, Photos, Texten oder jeglichen anderen Inhalten dieser Webseite, des Designs, Layouts oder was auch immer, zur Vermeidung unn\u00f6tiger Rechtsstreite und Kosten, uns bereits vorher zu kontaktieren. Ohne diese vorhergehende Kontaktaufnahme mit dem Webmaster dieser Seite, wird jede Rechnung, Abmahnung, Kostennote oder dergleichen im Sinne der Schadensminderungspflicht als unbegr\u00fcndet zur\u00fcckgewiesen.<br \/>\n<\/span><\/p>\n<p class=\"paragraph_style\"><strong><span class=\"style\">Abmahnungen:<\/span><\/strong><span class=\"style_1\"><br \/>\nBei Domainstreitigkeiten, wettbewerbsrechtlichen Problemen oder \u00e4hnlichem, m\u00f6chten wir Sie bitten, zur Abwendung unn\u00f6tiger Rechtsstreitigkeiten und Kosten, mit uns schon bereits im Vorfeld Kontakt aufzunehmen. Die Kosten einer anwaltlichen Abmahnung, ohne mit uns als Betreiber dieser Seite Kontakt aufzunehmen, wird im Sinne von (\u00a7254 Abs.2 BGB) Schadensminderungspflicht, als unbegr\u00fcndet zur\u00fcckgewiesen.<\/span><\/p>\n","protected":false},"excerpt":{"rendered":"<p>Impressum Herausgeber und Betreiber der Internetseite: Dr. med. Reinhard Maienberg Keilbecker Strasse 64 42477 Radevormwald Tel. (0 21 91) 66 83 73 Fax (0 21 91) 66 83 99 https:\/\/www.doktor-maienberg.de E-Mail info@doktor-maienberg.de Berufsbezeichnung: Dr. med. Reinhard Maienberg Praktischer Arzt (verliehen in der Bundesrepublik Deutschland) Zust\u00e4ndige \u00c4rztekammer: \u00c4rztekammer Nordrhein Tersteegenstr. 9 40474 D\u00fcsseldorf Telefon: (02 11) [&hellip;]<\/p>\n","protected":false},"author":1,"featured_media":0,"parent":0,"menu_order":0,"comment_status":"closed","ping_status":"closed","template":"","meta":{"footnotes":""},"class_list":["post-175","page","type-page","status-publish","hentry"],"aioseo_notices":[],"jetpack_sharing_enabled":true,"_links":{"self":[{"href":"https:\/\/www.doktor-maienberg.de\/index.php\/wp-json\/wp\/v2\/pages\/175","targetHints":{"allow":["GET"]}}],"collection":[{"href":"https:\/\/www.doktor-maienberg.de\/index.php\/wp-json\/wp\/v2\/pages"}],"about":[{"href":"https:\/\/www.doktor-maienberg.de\/index.php\/wp-json\/wp\/v2\/types\/page"}],"author":[{"embeddable":true,"href":"https:\/\/www.doktor-maienberg.de\/index.php\/wp-json\/wp\/v2\/users\/1"}],"replies":[{"embeddable":true,"href":"https:\/\/www.doktor-maienberg.de\/index.php\/wp-json\/wp\/v2\/comments?post=175"}],"version-history":[{"count":4,"href":"https:\/\/www.doktor-maienberg.de\/index.php\/wp-json\/wp\/v2\/pages\/175\/revisions"}],"predecessor-version":[{"id":201,"href":"https:\/\/www.doktor-maienberg.de\/index.php\/wp-json\/wp\/v2\/pages\/175\/revisions\/201"}],"wp:attachment":[{"href":"https:\/\/www.doktor-maienberg.de\/index.php\/wp-json\/wp\/v2\/media?parent=175"}],"curies":[{"name":"wp","href":"https:\/\/api.w.org\/{rel}","templated":true}]}}