{"id":132,"date":"2021-02-14T12:03:34","date_gmt":"2021-02-14T12:03:34","guid":{"rendered":"https:\/\/themes.hasthemes.com\/mexi\/?page_id=34"},"modified":"2026-04-14T23:09:55","modified_gmt":"2026-04-14T22:09:55","slug":"kontakt","status":"publish","type":"page","link":"https:\/\/www.doktor-maienberg.de\/index.php\/kontakt\/","title":{"rendered":"Kontakt"},"content":{"rendered":"\t\t<div data-elementor-type=\"wp-page\" data-elementor-id=\"132\" class=\"elementor elementor-132\">\n\t\t\t\t\t\t<section class=\"elementor-section elementor-top-section elementor-element elementor-element-2554f7e8 elementor-section-full_width elementor-section-height-default elementor-section-height-default\" data-id=\"2554f7e8\" data-element_type=\"section\" data-e-type=\"section\">\n\t\t\t\t\t\t<div class=\"elementor-container elementor-column-gap-no\">\n\t\t\t\t\t<div class=\"elementor-column elementor-col-100 elementor-top-column elementor-element elementor-element-73c41c7f\" data-id=\"73c41c7f\" data-element_type=\"column\" data-e-type=\"column\">\n\t\t\t<div class=\"elementor-widget-wrap elementor-element-populated\">\n\t\t\t\t\t\t<div class=\"elementor-element elementor-element-d7928e8 elementor-widget elementor-widget-html\" data-id=\"d7928e8\" data-element_type=\"widget\" data-e-type=\"widget\" data-widget_type=\"html.default\">\n\t\t\t\t<div class=\"elementor-widget-container\">\n\t\t\t\t\t<iframe height=\"600\" src=\"https:\/\/www.openstreetmap.org\/export\/embed.html?bbox=7.312533259391786%2C51.21706064225533%2C7.315269112586976%2C51.218559231283166&amp;layer=mapnik&amp;marker=51.21780994286687%2C7.31390118598938\" style=\"border: 1px solid black\"><\/iframe><br\/><small><a href=\"https:\/\/www.openstreetmap.org\/?mlat=51.21781&amp;mlon=7.31390#map=19\/51.21781\/7.31390\">Gr\u00f6\u00dfere Karte anzeigen<\/a><\/small>\t\t\t\t<\/div>\n\t\t\t\t<\/div>\n\t\t\t\t\t<\/div>\n\t\t<\/div>\n\t\t\t\t\t<\/div>\n\t\t<\/section>\n\t\t\t\t<section class=\"elementor-section elementor-top-section elementor-element elementor-element-3a4f0e28 elementor-section-height-min-height elementor-section-boxed elementor-section-height-default elementor-section-items-middle\" data-id=\"3a4f0e28\" data-element_type=\"section\" data-e-type=\"section\" data-settings=\"{&quot;background_background&quot;:&quot;classic&quot;}\">\n\t\t\t\t\t\t<div class=\"elementor-container elementor-column-gap-default\">\n\t\t\t\t\t<div class=\"elementor-column elementor-col-100 elementor-top-column elementor-element elementor-element-2edccb08\" data-id=\"2edccb08\" data-element_type=\"column\" data-e-type=\"column\" data-settings=\"{&quot;background_background&quot;:&quot;classic&quot;}\">\n\t\t\t<div class=\"elementor-widget-wrap elementor-element-populated\">\n\t\t\t\t\t\t<section class=\"elementor-section elementor-inner-section elementor-element elementor-element-66821d25 elementor-section-boxed elementor-section-height-default elementor-section-height-default\" data-id=\"66821d25\" data-element_type=\"section\" data-e-type=\"section\">\n\t\t\t\t\t\t<div class=\"elementor-container elementor-column-gap-default\">\n\t\t\t\t\t<div class=\"elementor-column elementor-col-33 elementor-inner-column elementor-element elementor-element-5b9366a8\" data-id=\"5b9366a8\" data-element_type=\"column\" data-e-type=\"column\">\n\t\t\t<div class=\"elementor-widget-wrap elementor-element-populated\">\n\t\t\t\t\t\t<div class=\"elementor-element elementor-element-18d78ba7 animated-slow htmove-heading-start elementor-invisible elementor-widget elementor-widget-move-doul-color-heading\" data-id=\"18d78ba7\" data-element_type=\"widget\" data-e-type=\"widget\" data-settings=\"{&quot;_animation&quot;:&quot;fadeIn&quot;}\" data-widget_type=\"move-doul-color-heading.default\">\n\t\t\t\t<div class=\"elementor-widget-container\">\n\t\t\t\t\t<div class=\"htmove-heading htmove-heading-center htmove-sub-heading-pos-\"><h2  class=\"htmove-heading-title\">Dr. med. <\/br>\nReinhard Maienberg <span class=\"htmove-heighlight-txt\">Keilbecker Stra\u00dfe 64, 42477 Radevormwald<\/span><\/h2><\/div>\t\t\t\t<\/div>\n\t\t\t\t<\/div>\n\t\t\t\t<div class=\"elementor-element elementor-element-7addd8bc animated-slow htmove-heading-start elementor-invisible elementor-widget elementor-widget-move-doul-color-heading\" data-id=\"7addd8bc\" data-element_type=\"widget\" data-e-type=\"widget\" data-settings=\"{&quot;_animation&quot;:&quot;fadeIn&quot;}\" data-widget_type=\"move-doul-color-heading.default\">\n\t\t\t\t<div class=\"elementor-widget-container\">\n\t\t\t\t\t<div class=\"htmove-heading htmove-heading-center htmove-sub-heading-pos-\"><h2  class=\"htmove-heading-title\">E-Mail: <\/h2><p class=\"htmove-heading-desc\">info@doktor-maienberg.de<\/p><\/div>\t\t\t\t<\/div>\n\t\t\t\t<\/div>\n\t\t\t\t\t<\/div>\n\t\t<\/div>\n\t\t\t\t<div class=\"elementor-column elementor-col-33 elementor-inner-column elementor-element elementor-element-756e0db\" data-id=\"756e0db\" data-element_type=\"column\" data-e-type=\"column\">\n\t\t\t<div class=\"elementor-widget-wrap\">\n\t\t\t\t\t\t\t<\/div>\n\t\t<\/div>\n\t\t\t\t<div class=\"elementor-column elementor-col-33 elementor-inner-column elementor-element elementor-element-6d8cecd0\" data-id=\"6d8cecd0\" data-element_type=\"column\" data-e-type=\"column\">\n\t\t\t<div class=\"elementor-widget-wrap elementor-element-populated\">\n\t\t\t\t\t\t<div class=\"elementor-element elementor-element-530d0834 animated-slow htmove-heading-start elementor-invisible elementor-widget elementor-widget-move-doul-color-heading\" data-id=\"530d0834\" data-element_type=\"widget\" data-e-type=\"widget\" data-settings=\"{&quot;_animation&quot;:&quot;fadeIn&quot;}\" data-widget_type=\"move-doul-color-heading.default\">\n\t\t\t\t<div class=\"elementor-widget-container\">\n\t\t\t\t\t<div class=\"htmove-heading htmove-heading-center htmove-sub-heading-pos-top\"><span  class=\"htmove-heading-sub-title\">Telefon:<\/span><h2  class=\"htmove-heading-title\">(0 21 91)  66 83 73 <\/h2><\/div>\t\t\t\t<\/div>\n\t\t\t\t<\/div>\n\t\t\t\t<div class=\"elementor-element elementor-element-2b580f1c animated-slow htmove-heading-start elementor-invisible elementor-widget elementor-widget-move-doul-color-heading\" data-id=\"2b580f1c\" data-element_type=\"widget\" data-e-type=\"widget\" data-settings=\"{&quot;_animation&quot;:&quot;fadeIn&quot;}\" data-widget_type=\"move-doul-color-heading.default\">\n\t\t\t\t<div class=\"elementor-widget-container\">\n\t\t\t\t\t<div class=\"htmove-heading htmove-heading-center htmove-sub-heading-pos-\"><h2  class=\"htmove-heading-title\">Fax: <\/h2><p class=\"htmove-heading-desc\">(0 21 91) - 66 83 99<\/p><\/div>\t\t\t\t<\/div>\n\t\t\t\t<\/div>\n\t\t\t\t\t<\/div>\n\t\t<\/div>\n\t\t\t\t\t<\/div>\n\t\t<\/section>\n\t\t\t\t<div class=\"elementor-element elementor-element-ea5f856 elementor-widget elementor-widget-html\" data-id=\"ea5f856\" data-element_type=\"widget\" data-e-type=\"widget\" data-widget_type=\"html.default\">\n\t\t\t\t<div class=\"elementor-widget-container\">\n\t\t\t\t\t<medflex-widget type=\"pam__small\" href=\"https:\/\/arzt.medflex.de\/kontakt\/allgemeinmedizin\/radevormwald\/dr-med-reinhard-maienberg\/1446xr\" \/>\n<script src=\"https:\/\/arzt.medflex.de\/kontakt\/widget\/v2.js\"><\/script>\t\t\t\t<\/div>\n\t\t\t\t<\/div>\n\t\t\t\t\t<\/div>\n\t\t<\/div>\n\t\t\t\t\t<\/div>\n\t\t<\/section>\n\t\t\t\t<\/div>\n\t\t","protected":false},"excerpt":{"rendered":"<p>Gr\u00f6\u00dfere Karte anzeigen Dr. med. Reinhard Maienberg Keilbecker Stra\u00dfe 64, 42477 Radevormwald E-Mail: info@doktor-maienberg.de Telefon: (0 21 91) 66 83 73 Fax: (0 21 91) &#8211; 66 83 99<\/p>\n","protected":false},"author":1,"featured_media":0,"parent":0,"menu_order":0,"comment_status":"closed","ping_status":"closed","template":"elementor_header_footer","meta":{"footnotes":""},"class_list":["post-132","page","type-page","status-publish","hentry"],"aioseo_notices":[],"jetpack_sharing_enabled":true,"_links":{"self":[{"href":"https:\/\/www.doktor-maienberg.de\/index.php\/wp-json\/wp\/v2\/pages\/132","targetHints":{"allow":["GET"]}}],"collection":[{"href":"https:\/\/www.doktor-maienberg.de\/index.php\/wp-json\/wp\/v2\/pages"}],"about":[{"href":"https:\/\/www.doktor-maienberg.de\/index.php\/wp-json\/wp\/v2\/types\/page"}],"author":[{"embeddable":true,"href":"https:\/\/www.doktor-maienberg.de\/index.php\/wp-json\/wp\/v2\/users\/1"}],"replies":[{"embeddable":true,"href":"https:\/\/www.doktor-maienberg.de\/index.php\/wp-json\/wp\/v2\/comments?post=132"}],"version-history":[{"count":16,"href":"https:\/\/www.doktor-maienberg.de\/index.php\/wp-json\/wp\/v2\/pages\/132\/revisions"}],"predecessor-version":[{"id":346,"href":"https:\/\/www.doktor-maienberg.de\/index.php\/wp-json\/wp\/v2\/pages\/132\/revisions\/346"}],"wp:attachment":[{"href":"https:\/\/www.doktor-maienberg.de\/index.php\/wp-json\/wp\/v2\/media?parent=132"}],"curies":[{"name":"wp","href":"https:\/\/api.w.org\/{rel}","templated":true}]}}